{"id":564,"date":"2021-01-21T17:57:37","date_gmt":"2021-01-21T16:57:37","guid":{"rendered":"http:\/\/secretario.agustinosvalladolid.es\/?page_id=564"},"modified":"2026-03-17T23:00:13","modified_gmt":"2026-03-17T22:00:13","slug":"noticias","status":"publish","type":"page","link":"https:\/\/secretario.agustinosvalladolid.es\/?page_id=564","title":{"rendered":""},"content":{"rendered":"<div id=\"metaslider-id-1185\" style=\"width: 100%; margin: 0 auto;\" class=\"ml-slider-3-108-0 metaslider metaslider-flex metaslider-1185 ml-slider has-dots-nav ms-theme-default\" role=\"region\" aria-label=\"Galer\u00eda informativa\" data-width=\"1200\">\n    <div id=\"metaslider_container_1185\">\n        <div id=\"metaslider_1185\" class=\"flexslider\">\n            <ul class='slides'>\n                <li style=\"display: block; width: 100%;\" class=\"slide-1186 ms-image \" aria-roledescription=\"slide\" data-date=\"2023-01-15 14:07:16\" data-filename=\"Estudio-3-1.jpg\" data-slide-type=\"image\"><img loading=\"lazy\" decoding=\"async\" src=\"https:\/\/secretario.agustinosvalladolid.es\/wp-content\/uploads\/2020\/02\/Estudio-3-1.jpg\" height=\"0\" width=\"1200\" alt=\"\" class=\"slider-1185 slide-1186 msDefaultImage\" title=\"Estudio 3\" \/><\/li>\n                <li style=\"display: none; width: 100%;\" class=\"slide-1189 ms-image \" aria-roledescription=\"slide\" data-date=\"2023-01-15 14:07:16\" data-filename=\"Estudio-4-2.jpg\" data-slide-type=\"image\"><img loading=\"lazy\" decoding=\"async\" src=\"https:\/\/secretario.agustinosvalladolid.es\/wp-content\/uploads\/2020\/02\/Estudio-4-2.jpg\" height=\"0\" width=\"1200\" alt=\"\" class=\"slider-1185 slide-1189 msDefaultImage\" title=\"Estudio 4\" \/><\/li>\n                <li style=\"display: none; width: 100%;\" class=\"slide-1191 ms-image \" aria-roledescription=\"slide\" data-date=\"2023-01-15 14:07:16\" data-filename=\"Estudio-5-1.jpg\" data-slide-type=\"image\"><img loading=\"lazy\" decoding=\"async\" src=\"https:\/\/secretario.agustinosvalladolid.es\/wp-content\/uploads\/2020\/02\/Estudio-5-1.jpg\" height=\"0\" width=\"1200\" alt=\"\" class=\"slider-1185 slide-1191 msDefaultImage\" title=\"Estudio 5\" \/><\/li>\n                <li style=\"display: none; width: 100%;\" class=\"slide-1193 ms-image \" aria-roledescription=\"slide\" data-date=\"2023-01-15 14:07:16\" data-filename=\"Estudio-6.jpg\" data-slide-type=\"image\"><img loading=\"lazy\" decoding=\"async\" src=\"https:\/\/secretario.agustinosvalladolid.es\/wp-content\/uploads\/2020\/02\/Estudio-6.jpg\" height=\"0\" width=\"1200\" alt=\"\" class=\"slider-1185 slide-1193 msDefaultImage\" title=\"Estudio 6\" \/><\/li>\n            <\/ul>\n        <\/div>\n        \n    <\/div>\n<\/div>\n<blockquote><p>\u00abFiel es Dios, por quien hab\u00e9is sido llamados a la comuni\u00f3n con su Hijo Jesucristo, Se\u00f1or nuestro\u00bb.<br \/>\n(Primera carta a los Corintios 1, 9)<\/p><\/blockquote>\n","protected":false},"excerpt":{"rendered":"<p>\u00abFiel es Dios, por quien hab\u00e9is sido llamados a la comuni\u00f3n con su Hijo Jesucristo, Se\u00f1or nuestro\u00bb. (Primera carta a los Corintios 1, 9)<\/p>\n","protected":false},"author":2,"featured_media":0,"parent":0,"menu_order":0,"comment_status":"closed","ping_status":"closed","template":"","meta":{"footnotes":""},"class_list":["post-564","page","type-page","status-publish","hentry"],"_links":{"self":[{"href":"https:\/\/secretario.agustinosvalladolid.es\/index.php?rest_route=\/wp\/v2\/pages\/564","targetHints":{"allow":["GET"]}}],"collection":[{"href":"https:\/\/secretario.agustinosvalladolid.es\/index.php?rest_route=\/wp\/v2\/pages"}],"about":[{"href":"https:\/\/secretario.agustinosvalladolid.es\/index.php?rest_route=\/wp\/v2\/types\/page"}],"author":[{"embeddable":true,"href":"https:\/\/secretario.agustinosvalladolid.es\/index.php?rest_route=\/wp\/v2\/users\/2"}],"replies":[{"embeddable":true,"href":"https:\/\/secretario.agustinosvalladolid.es\/index.php?rest_route=%2Fwp%2Fv2%2Fcomments&post=564"}],"version-history":[{"count":50,"href":"https:\/\/secretario.agustinosvalladolid.es\/index.php?rest_route=\/wp\/v2\/pages\/564\/revisions"}],"predecessor-version":[{"id":1649,"href":"https:\/\/secretario.agustinosvalladolid.es\/index.php?rest_route=\/wp\/v2\/pages\/564\/revisions\/1649"}],"wp:attachment":[{"href":"https:\/\/secretario.agustinosvalladolid.es\/index.php?rest_route=%2Fwp%2Fv2%2Fmedia&parent=564"}],"curies":[{"name":"wp","href":"https:\/\/api.w.org\/{rel}","templated":true}]}}